{"id":14032,"date":"2025-02-19T16:03:08","date_gmt":"2025-02-19T15:03:08","guid":{"rendered":"https:\/\/entroidodemanzaneda.gal\/?page_id=14032"},"modified":"2025-02-19T16:57:29","modified_gmt":"2025-02-19T15:57:29","slug":"politica-de-cookies","status":"publish","type":"page","link":"https:\/\/entroidodemanzaneda.gal\/gl\/politica-de-cookies\/","title":{"rendered":"Pol\u00edtica de Cookies"},"content":{"rendered":"<p><em>Esta pol\u00edtica de cookies foi actualizada por \u00faltima vez o 21 de febreiro de 2024 e apl\u00edcase aos cidad\u00e1ns e residentes legais permanentes do Espazo Econ\u00f3mico Europeo e Su\u00edza.<\/em><\/p>\n\n\n\n<p><\/p>\n\n\n\n<h2 class=\"wp-block-heading\">1. Introduci\u00f3n<\/h2>\n\n\n\n<p>A nosa web,&nbsp;<a href=\"https:\/\/entroidodemanzaneda.gal\/gl\/\">https:\/\/entroidodemanzaneda.gal<\/a>&nbsp;(en diante: \u00aba web\u00bb), utiliza cookies e outras tecnolox\u00edas relacionadas (para maior comodidade, todas as tecnolox\u00edas denom\u00ednanse \u00abcookies\u00bb). As cookies tam\u00e9n son colocadas por terceiros aos que contratamos. No seguinte documento inform\u00e1mosche sobre o uso de cookies na nosa web.<\/p>\n\n\n\n<p><\/p>\n\n\n\n<h2 class=\"wp-block-heading\">2. Que son as cookies?<\/h2>\n\n\n\n<p>Unha cookie \u00e9 un pequeno ficheiro que se env\u00eda xunto coas p\u00e1xinas desta web e que o teu navegador almacena no disco duro do teu ordenador ou doutro dispositivo. A informaci\u00f3n almacenada pode ser devolta aos nosos servidores ou aos servidores de terceiros axeitados durante unha visita posterior.<\/p>\n\n\n\n<p><\/p>\n\n\n\n<h2 class=\"wp-block-heading\">3. Que son os scripts?<\/h2>\n\n\n\n<p>Un script \u00e9 un fragmento de c\u00f3digo de programa que se utiliza para que a nosa web funcione correctamente e de forma interactiva. Este c\u00f3digo exec\u00fatase no noso servidor ou no teu dispositivo.<\/p>\n\n\n\n<p><\/p>\n\n\n\n<h2 class=\"wp-block-heading\">4. Que \u00e9 unha baliza web?<\/h2>\n\n\n\n<p>Unha baliza web (ou unha etiqueta de p\u00edxel) \u00e9 un pequeno e invisible fragmento de texto ou imaxe nunha web que se usa para monitorizar o tr\u00e1fico nela. Para iso, almac\u00e9nanse varios datos sobre ti mediante estas balizas web.<\/p>\n\n\n\n<p><\/p>\n\n\n\n<h2 class=\"wp-block-heading\">5. Cookies<\/h2>\n\n\n\n<p><strong>Cookies t\u00e9cnicas ou funcionais<\/strong><\/p>\n\n\n\n<p>Algunhas cookies aseguran que certas partes da web funcionen correctamente e que as t\u00faas preferencias de usuario se sigan lembrando. Ao colocar cookies funcionais, facilit\u00e1mosche a visita \u00e1 nosa web. Deste xeito, non necesitas introducir repetidamente a mesma informaci\u00f3n cando visitas a nosa web e, por exemplo, os artigos permanecen na t\u00faa cesta da compra ata que completes o pagamento. Podemos colocar estas cookies sen o teu consentimento.<\/p>\n\n\n\n<p><\/p>\n\n\n\n<h4 class=\"wp-block-heading\">Consentimento<\/h4>\n\n\n\n<p>Cando visites a nosa web por primeira vez, mostrar\u00e9mosche unha xanela emerxente cunha explicaci\u00f3n sobre as cookies. En canto fagas clic en \u00abGardar preferencias\u00bb, aceptas que usemos as categor\u00edas de cookies e plugins que seleccionaches na xanela emerxente, segundo se describe nesta pol\u00edtica de cookies. Podes desactivar o uso de cookies a trav\u00e9s do teu navegador, pero, por favor, ten en conta que a nosa web pode deixar de funcionar correctamente.<\/p>\n\n\n\n<p><\/p>\n\n\n\n<h2 class=\"wp-block-heading\">6. Activaci\u00f3n\/desactivaci\u00f3n e eliminaci\u00f3n de cookies<\/h2>\n\n\n\n<p>Podes utilizar o teu navegador de Internet para eliminar as cookies de forma autom\u00e1tica ou manual. Tam\u00e9n podes especificar que certas cookies non poden ser colocadas. Outra opci\u00f3n \u00e9 cambiar os axustes do teu navegador de Internet para que recibas unha mensaxe cada vez que se coloca unha cookie. Para obter m\u00e1is informaci\u00f3n sobre estas opci\u00f3ns, consulta as instruci\u00f3ns da secci\u00f3n \u00abAxuda\u00bb do teu navegador.<\/p>\n\n\n\n<p>Ten en conta que a nosa web pode non funcionar correctamente se todas as cookies est\u00e1n desactivadas. Se borras as cookies do teu navegador, volveranse a colocar despois do teu consentimento cando volvas visitar a nosa web.<\/p>\n\n\n\n<p><\/p>\n\n\n\n<h2 class=\"wp-block-heading\">7. Os teus dereitos con respecto aos datos persoais<\/h2>\n\n\n\n<p>Tes os seguintes dereitos con respecto aos teus datos persoais:<\/p>\n\n\n\n<ul class=\"wp-block-list\">\n<li>Dereito a saber por que se necesitan os teus datos persoais, que suceder\u00e1 con eles e durante canto tempo se conservar\u00e1n.<\/li>\n\n\n\n<li>Dereito de acceso: tes dereito a acceder aos teus datos persoais que co\u00f1ecemos.<\/li>\n\n\n\n<li>Dereito de rectificaci\u00f3n: tes dereito a completar, rectificar, borrar ou bloquear os teus datos persoais cando o desexes.<\/li>\n\n\n\n<li>Se nos d\u00e1s o teu consentimento para procesar os teus datos, tes dereito a revogar dito consentimento e a que se eliminen os teus datos persoais.<\/li>\n\n\n\n<li>Dereito de cesi\u00f3n dos teus datos: tes dereito a solicitar todos os teus datos persoais ao responsable do tratamento e a transferilos integramente a outro responsable do tratamento.<\/li>\n\n\n\n<li>Dereito de oposici\u00f3n: podes opo\u00f1erte ao tratamento dos teus datos. Cumpriremos con isto, salvo que existan motivos xustificados para o seu procesamento.<\/li>\n<\/ul>\n\n\n\n<p><\/p>\n\n\n\n<p>Para exercer estes dereitos, por favor, contacta connosco. Consulta os detalles de contacto na parte inferior desta pol\u00edtica de cookies. Se tes algunha queixa sobre como xestionamos os teus datos, gustar\u00edanos sabelo, pero tam\u00e9n tes dereito a enviar unha queixa \u00e1 autoridade supervisora (a autoridade de protecci\u00f3n de datos).<\/p>\n\n\n\n<div style=\"height:100px\" aria-hidden=\"true\" class=\"wp-block-spacer\"><\/div>\n\n\n\n<p><\/p>","protected":false},"excerpt":{"rendered":"<p>Esta pol\u00edtica de cookies fue actualizada por \u00faltima vez el 21 de febrero de 2024 y se aplica a los ciudadanos y residentes legales permanentes del Espacio Econ\u00f3mico Europeo y Suiza. 1. Introducci\u00f3n Nuestra web,&nbsp;https:\/\/entroidodemanzaneda.gal&nbsp;(en adelante: \u00abla web\u00bb) utiliza cookies y otras tecnolog\u00edas relacionadas (para mayor comodidad, todas las tecnolog\u00edas se denominan \u00abcookies\u00bb). Las cookies [&hellip;]<\/p>","protected":false},"author":1,"featured_media":0,"parent":0,"menu_order":0,"comment_status":"closed","ping_status":"closed","template":"","meta":{"iawp_total_views":4,"footnotes":""},"class_list":["post-14032","page","type-page","status-publish","hentry"],"yoast_head":"<!-- This site is optimized with the Yoast SEO plugin v26.8 - https:\/\/yoast.com\/product\/yoast-seo-wordpress\/ -->\n<title>Pol\u00edtica de Cookies - Entroido de Manzaneda 2025<\/title>\n<meta name=\"robots\" content=\"noindex, nofollow\" \/>\n<meta property=\"og:locale\" content=\"gl_ES\" \/>\n<meta property=\"og:type\" content=\"article\" \/>\n<meta property=\"og:title\" content=\"Pol\u00edtica de Cookies - Entroido de Manzaneda 2025\" \/>\n<meta property=\"og:description\" content=\"Esta pol\u00edtica de cookies fue actualizada por \u00faltima vez el 21 de febrero de 2024 y se aplica a los ciudadanos y residentes legales permanentes del Espacio Econ\u00f3mico Europeo y Suiza. 1. Introducci\u00f3n Nuestra web,&nbsp;https:\/\/entroidodemanzaneda.gal&nbsp;(en adelante: \u00abla web\u00bb) utiliza cookies y otras tecnolog\u00edas relacionadas (para mayor comodidad, todas las tecnolog\u00edas se denominan \u00abcookies\u00bb). Las cookies [&hellip;]\" \/>\n<meta property=\"og:url\" content=\"https:\/\/entroidodemanzaneda.gal\/gl\/politica-de-cookies\/\" \/>\n<meta property=\"og:site_name\" content=\"Entroido de Manzaneda 2025\" \/>\n<meta property=\"article:publisher\" content=\"https:\/\/www.facebook.com\/EntroidodeManzaneda\" \/>\n<meta property=\"article:modified_time\" content=\"2025-02-19T15:57:29+00:00\" \/>\n<meta property=\"og:image\" content=\"https:\/\/entroidodemanzaneda.gal\/wp-content\/uploads\/2024\/04\/Entroido-Manzaneda.jpg\" \/>\n\t<meta property=\"og:image:width\" content=\"1200\" \/>\n\t<meta property=\"og:image:height\" content=\"628\" \/>\n\t<meta property=\"og:image:type\" content=\"image\/jpeg\" \/>\n<meta name=\"twitter:card\" content=\"summary_large_image\" \/>\n<meta name=\"twitter:site\" content=\"@entroidomanzane\" \/>\n<meta name=\"twitter:label1\" content=\"Tempo de lectura\" \/>\n\t<meta name=\"twitter:data1\" content=\"4 minutos\" \/>\n<script type=\"application\/ld+json\" class=\"yoast-schema-graph\">{\"@context\":\"https:\/\/schema.org\",\"@graph\":[{\"@type\":\"WebPage\",\"@id\":\"https:\/\/entroidodemanzaneda.gal\/politica-de-cookies\/\",\"url\":\"https:\/\/entroidodemanzaneda.gal\/politica-de-cookies\/\",\"name\":\"Pol\u00edtica de Cookies - Entroido de Manzaneda 2025\",\"isPartOf\":{\"@id\":\"https:\/\/entroidodemanzaneda.gal\/#website\"},\"datePublished\":\"2025-02-19T15:03:08+00:00\",\"dateModified\":\"2025-02-19T15:57:29+00:00\",\"breadcrumb\":{\"@id\":\"https:\/\/entroidodemanzaneda.gal\/politica-de-cookies\/#breadcrumb\"},\"inLanguage\":\"gl-ES\",\"potentialAction\":[{\"@type\":\"ReadAction\",\"target\":[\"https:\/\/entroidodemanzaneda.gal\/politica-de-cookies\/\"]}]},{\"@type\":\"BreadcrumbList\",\"@id\":\"https:\/\/entroidodemanzaneda.gal\/politica-de-cookies\/#breadcrumb\",\"itemListElement\":[{\"@type\":\"ListItem\",\"position\":1,\"name\":\"Portada\",\"item\":\"https:\/\/entroidodemanzaneda.gal\/\"},{\"@type\":\"ListItem\",\"position\":2,\"name\":\"Pol\u00edtica de Cookies\"}]},{\"@type\":\"WebSite\",\"@id\":\"https:\/\/entroidodemanzaneda.gal\/#website\",\"url\":\"https:\/\/entroidodemanzaneda.gal\/\",\"name\":\"Entroido de Manzaneda 2025\",\"description\":\"\",\"publisher\":{\"@id\":\"https:\/\/entroidodemanzaneda.gal\/#organization\"},\"potentialAction\":[{\"@type\":\"SearchAction\",\"target\":{\"@type\":\"EntryPoint\",\"urlTemplate\":\"https:\/\/entroidodemanzaneda.gal\/?s={search_term_string}\"},\"query-input\":{\"@type\":\"PropertyValueSpecification\",\"valueRequired\":true,\"valueName\":\"search_term_string\"}}],\"inLanguage\":\"gl-ES\"},{\"@type\":\"Organization\",\"@id\":\"https:\/\/entroidodemanzaneda.gal\/#organization\",\"name\":\"Entroido de Manzaneda 2025\",\"url\":\"https:\/\/entroidodemanzaneda.gal\/\",\"logo\":{\"@type\":\"ImageObject\",\"inLanguage\":\"gl-ES\",\"@id\":\"https:\/\/entroidodemanzaneda.gal\/#\/schema\/logo\/image\/\",\"url\":\"https:\/\/entroidodemanzaneda.gal\/wp-content\/uploads\/2024\/04\/Entroido-Manzaneda.jpg\",\"contentUrl\":\"https:\/\/entroidodemanzaneda.gal\/wp-content\/uploads\/2024\/04\/Entroido-Manzaneda.jpg\",\"width\":1200,\"height\":628,\"caption\":\"Entroido de Manzaneda 2025\"},\"image\":{\"@id\":\"https:\/\/entroidodemanzaneda.gal\/#\/schema\/logo\/image\/\"},\"sameAs\":[\"https:\/\/www.facebook.com\/EntroidodeManzaneda\",\"https:\/\/x.com\/entroidomanzane\",\"https:\/\/www.instagram.com\/entroidomanzaneda\/\"]}]}<\/script>\n<!-- \/ Yoast SEO plugin. -->","yoast_head_json":{"title":"Pol\u00edtica de Cookies - Entroido de Manzaneda 2025","robots":{"index":"noindex","follow":"nofollow"},"og_locale":"gl_ES","og_type":"article","og_title":"Pol\u00edtica de Cookies - Entroido de Manzaneda 2025","og_description":"Esta pol\u00edtica de cookies fue actualizada por \u00faltima vez el 21 de febrero de 2024 y se aplica a los ciudadanos y residentes legales permanentes del Espacio Econ\u00f3mico Europeo y Suiza. 1. Introducci\u00f3n Nuestra web,&nbsp;https:\/\/entroidodemanzaneda.gal&nbsp;(en adelante: \u00abla web\u00bb) utiliza cookies y otras tecnolog\u00edas relacionadas (para mayor comodidad, todas las tecnolog\u00edas se denominan \u00abcookies\u00bb). Las cookies [&hellip;]","og_url":"https:\/\/entroidodemanzaneda.gal\/gl\/politica-de-cookies\/","og_site_name":"Entroido de Manzaneda 2025","article_publisher":"https:\/\/www.facebook.com\/EntroidodeManzaneda","article_modified_time":"2025-02-19T15:57:29+00:00","og_image":[{"width":1200,"height":628,"url":"https:\/\/entroidodemanzaneda.gal\/wp-content\/uploads\/2024\/04\/Entroido-Manzaneda.jpg","type":"image\/jpeg"}],"twitter_card":"summary_large_image","twitter_site":"@entroidomanzane","twitter_misc":{"Tempo de lectura":"4 minutos"},"schema":{"@context":"https:\/\/schema.org","@graph":[{"@type":"WebPage","@id":"https:\/\/entroidodemanzaneda.gal\/politica-de-cookies\/","url":"https:\/\/entroidodemanzaneda.gal\/politica-de-cookies\/","name":"Pol\u00edtica de Cookies - Entroido de Manzaneda 2025","isPartOf":{"@id":"https:\/\/entroidodemanzaneda.gal\/#website"},"datePublished":"2025-02-19T15:03:08+00:00","dateModified":"2025-02-19T15:57:29+00:00","breadcrumb":{"@id":"https:\/\/entroidodemanzaneda.gal\/politica-de-cookies\/#breadcrumb"},"inLanguage":"gl-ES","potentialAction":[{"@type":"ReadAction","target":["https:\/\/entroidodemanzaneda.gal\/politica-de-cookies\/"]}]},{"@type":"BreadcrumbList","@id":"https:\/\/entroidodemanzaneda.gal\/politica-de-cookies\/#breadcrumb","itemListElement":[{"@type":"ListItem","position":1,"name":"Portada","item":"https:\/\/entroidodemanzaneda.gal\/"},{"@type":"ListItem","position":2,"name":"Pol\u00edtica de Cookies"}]},{"@type":"WebSite","@id":"https:\/\/entroidodemanzaneda.gal\/#website","url":"https:\/\/entroidodemanzaneda.gal\/","name":"Entroido de Manzaneda 2025","description":"","publisher":{"@id":"https:\/\/entroidodemanzaneda.gal\/#organization"},"potentialAction":[{"@type":"SearchAction","target":{"@type":"EntryPoint","urlTemplate":"https:\/\/entroidodemanzaneda.gal\/?s={search_term_string}"},"query-input":{"@type":"PropertyValueSpecification","valueRequired":true,"valueName":"search_term_string"}}],"inLanguage":"gl-ES"},{"@type":"Organization","@id":"https:\/\/entroidodemanzaneda.gal\/#organization","name":"Entroido de Manzaneda 2025","url":"https:\/\/entroidodemanzaneda.gal\/","logo":{"@type":"ImageObject","inLanguage":"gl-ES","@id":"https:\/\/entroidodemanzaneda.gal\/#\/schema\/logo\/image\/","url":"https:\/\/entroidodemanzaneda.gal\/wp-content\/uploads\/2024\/04\/Entroido-Manzaneda.jpg","contentUrl":"https:\/\/entroidodemanzaneda.gal\/wp-content\/uploads\/2024\/04\/Entroido-Manzaneda.jpg","width":1200,"height":628,"caption":"Entroido de Manzaneda 2025"},"image":{"@id":"https:\/\/entroidodemanzaneda.gal\/#\/schema\/logo\/image\/"},"sameAs":["https:\/\/www.facebook.com\/EntroidodeManzaneda","https:\/\/x.com\/entroidomanzane","https:\/\/www.instagram.com\/entroidomanzaneda\/"]}]}},"_links":{"self":[{"href":"https:\/\/entroidodemanzaneda.gal\/gl\/wp-json\/wp\/v2\/pages\/14032","targetHints":{"allow":["GET"]}}],"collection":[{"href":"https:\/\/entroidodemanzaneda.gal\/gl\/wp-json\/wp\/v2\/pages"}],"about":[{"href":"https:\/\/entroidodemanzaneda.gal\/gl\/wp-json\/wp\/v2\/types\/page"}],"author":[{"embeddable":true,"href":"https:\/\/entroidodemanzaneda.gal\/gl\/wp-json\/wp\/v2\/users\/1"}],"replies":[{"embeddable":true,"href":"https:\/\/entroidodemanzaneda.gal\/gl\/wp-json\/wp\/v2\/comments?post=14032"}],"version-history":[{"count":11,"href":"https:\/\/entroidodemanzaneda.gal\/gl\/wp-json\/wp\/v2\/pages\/14032\/revisions"}],"predecessor-version":[{"id":14053,"href":"https:\/\/entroidodemanzaneda.gal\/gl\/wp-json\/wp\/v2\/pages\/14032\/revisions\/14053"}],"wp:attachment":[{"href":"https:\/\/entroidodemanzaneda.gal\/gl\/wp-json\/wp\/v2\/media?parent=14032"}],"curies":[{"name":"wp","href":"https:\/\/api.w.org\/{rel}","templated":true}]}}