{"id":14021,"date":"2025-02-19T15:42:10","date_gmt":"2025-02-19T14:42:10","guid":{"rendered":"https:\/\/entroidodemanzaneda.gal\/?page_id=14021"},"modified":"2025-02-19T15:46:15","modified_gmt":"2025-02-19T14:46:15","slug":"aviso-legal","status":"publish","type":"page","link":"https:\/\/entroidodemanzaneda.gal\/en\/aviso-legal\/","title":{"rendered":"Legal notice"},"content":{"rendered":"<p><strong>1.- LEGAL NOTICE AND INFORMATION<\/strong><\/p>\n\n\n\n<p>In compliance with Law 34\/2002, of July 11, on Information Society Services and Electronic Commerce, the following identifying details of the entity are provided:<\/p>\n\n\n\n<p><strong>Concello de Manzaneda<\/strong><\/p>\n\n\n\n<p><strong>Email:<\/strong> <a>info@concellodemanzaneda.es<\/a><\/p>\n\n\n\n<p><strong>ADDRESS:<\/strong> Manzaneda 32781 Ourense.<\/p>\n\n\n\n<p><strong>PHONE\/FAX:<\/strong> 988 33 30 43<\/p>\n\n\n\n<p><\/p>\n\n\n\n<p><strong>2.- PURPOSE<\/strong><\/p>\n\n\n\n<p>The website <strong>entroidodemanzaneda.gal<\/strong> provides users with access to and use of various services and content made available by the Concello de Manzaneda. <strong>Concello de Manzaneda<\/strong>.<\/p>\n\n\n\n<p><\/p>\n\n\n\n<p><strong>3.- TERMS OF USE AND ACCEPTANCE<\/strong><\/p>\n\n\n\n<p>The use of this website <strong>entroidodemanzaneda.gal<\/strong> is subject to the following terms of use. Please read them carefully. By accessing this website and using the materials contained herein, you acknowledge that you have read and accept these conditions without any reservations.<\/p>\n\n\n\n<p><\/p>\n\n\n\n<p>These materials may be modified, expanded, or updated without prior notice.<\/p>\n\n\n\n<p><\/p>\n\n\n\n<p><strong>4.- INTELLECTUAL PROPERTY<\/strong><\/p>\n\n\n\n<p>The intellectual property rights of the <strong>entroidodemanzaneda.gal<\/strong>page, its source code, design, navigation structure, databases, and various elements it contains are the exclusive property of the <strong>Concello de Manzaneda<\/strong>, which holds the exclusive rights of exploitation, including reproduction, distribution, public communication, and modification.<\/p>\n\n\n\n<p><\/p>\n\n\n\n<p>Any transmission, distribution, reproduction, public communication, making available, modification, handling, or storage\u2014whether total or partial\u2014requires the prior and express written consent of the <strong>Concello de Manzaneda<\/strong>, salvo que se indique lo contrario. Salvo autorizaci\u00f3n expresa por escrito, no se permite el establecimiento de dispositivos t\u00e9cnicos de enlace que, desde p\u00e1ginas de terceros, den acceso directo a las p\u00e1ginas del <strong>Concello de Manzaneda<\/strong>.<\/p>\n\n\n\n<p><\/p>\n\n\n\n<p>This site may contain technical links to external pages over which the <strong>Concello de Manzaneda<\/strong> except where otherwise stated. Unless expressly authorized in writing, the establishment of technical linking devices that allow direct access from third-party pages to the Concello de Manzaneda pages is not permitted.<\/p>\n\n\n\n<p><\/p>\n\n\n\n<p>The <strong>Concello de Manzaneda<\/strong> reserves the right to make modifications and updates to the information contained on the website, its configuration, presentation, and access conditions at any time and without prior notice.<\/p>\n\n\n\n<p><\/p>\n\n\n\n<p>The <strong>Concello de Manzaneda<\/strong> reserves the right to make modifications and updates to the information contained on the website, its configuration, presentation, and access conditions at any time and without prior notice.<\/p>\n\n\n\n<p><\/p>\n\n\n\n<p>Both access to the website and unauthorized use of the information contained therein are the sole responsibility of the user. The <strong>Concello de Manzaneda<\/strong> will not be liable for any consequences, damages, or harm that may arise from such access or use.<\/p>\n\n\n\n<p><\/p>\n\n\n\n<p>The <strong>Concello de Manzaneda<\/strong> is not responsible for security errors that may occur or for any damage that may be caused to the user's computer system (hardware and software), files, or documents stored therein as a result of:<\/p>\n\n\n\n<ul class=\"wp-block-list\">\n<li>The presence of a virus on the user\u2019s device used to connect to the website\u2019s services and content.<\/li>\n\n\n\n<li>A malfunction of the browser.<\/li>\n\n\n\n<li>The use of non-updated versions of the browser.<\/li>\n<\/ul>\n\n\n\n<p><\/p>\n\n\n\n<p>Unauthorized use of the information contained on the website, its resale, as well as any infringement of the intellectual or industrial property rights of the <strong>Concello de Manzaneda<\/strong>, will result in legal consequences.<\/p>\n\n\n\n<p><\/p>\n\n\n\n<p>All information and data described on the <strong>entroidodemanzaneda.gal<\/strong> website have been sourced from reliable references and refer exclusively to the geographical area of Spain. The <strong>Concello de Manzaneda<\/strong> may modify any information contained herein without prior notice, and such information is not subject to any warranty.<\/p>\n\n\n\n<p><\/p>\n\n\n\n<p>The <strong>Concello de Manzaneda<\/strong> is not responsible for any direct or indirect damage that may arise from the accuracy, truthfulness, or completeness of this information or from its use.<\/p>\n\n\n\n<p><\/p>\n\n\n\n<p>Under no circumstances shall it be understood that, by accessing this website <strong>entroidodemanzaneda.gal<\/strong>, the user obtains a license or authorization to use, beyond strictly private use, any content, information, or services existing on the website entroidodemanzaneda.gal, nor any rights related to them, particularly those concerning intellectual and industrial property. <strong>entroidodemanzaneda.gal<\/strong>, nor any rights related to them, particularly those concerning intellectual and industrial property.<\/p>\n\n\n\n<p><\/p>\n\n\n\n<p>The <strong>Concello de Manzaneda<\/strong> reserves the right to store the IP addresses of users who access the website to generate access statistics, track user activity, and collect broad demographic information. This data will be stored for the maximum period required by law.<\/p>\n\n\n\n<p><\/p>\n\n\n\n<p>This legal notice is governed in all respects by Spanish law.<\/p>\n\n\n\n<p><\/p>\n\n\n\n<h3 class=\"wp-block-heading\">5.- APPLICABLE LAW<\/h3>\n\n\n\n<p>This legal notice is governed in all respects by Spanish law.<\/p>\n\n\n\n<div style=\"height:50px\" aria-hidden=\"true\" class=\"wp-block-spacer\"><\/div>","protected":false},"excerpt":{"rendered":"<p>1.- AVISO E INFORMACI\u00d3N LEGAL En cumplimiento de la Ley 34\/2002, de 11 de julio, de servicios de la sociedad de la informaci\u00f3n y comercio electr\u00f3nico, a continuaci\u00f3n, se exponen los datos identificativos de la empresa: Concello de Manzaneda Correo electr\u00f3nico: info@concellodemanzaneda.es DOMICILIO: Manzaneda 32781 Ourense. TEL\u00c9FONO\/TELEFAX: 988 33 30 43 2.- OBJETO El sitio [&hellip;]<\/p>","protected":false},"author":1,"featured_media":0,"parent":0,"menu_order":0,"comment_status":"closed","ping_status":"closed","template":"","meta":{"iawp_total_views":7,"footnotes":""},"class_list":["post-14021","page","type-page","status-publish","hentry"],"yoast_head":"<!-- This site is optimized with the Yoast SEO plugin v26.8 - https:\/\/yoast.com\/product\/yoast-seo-wordpress\/ -->\n<title>Aviso legal - Entroido de Manzaneda 2025<\/title>\n<meta name=\"robots\" content=\"noindex, nofollow\" \/>\n<meta property=\"og:locale\" content=\"en_GB\" \/>\n<meta property=\"og:type\" content=\"article\" \/>\n<meta property=\"og:title\" content=\"Aviso legal - Entroido de Manzaneda 2025\" \/>\n<meta property=\"og:description\" content=\"1.- AVISO E INFORMACI\u00d3N LEGAL En cumplimiento de la Ley 34\/2002, de 11 de julio, de servicios de la sociedad de la informaci\u00f3n y comercio electr\u00f3nico, a continuaci\u00f3n, se exponen los datos identificativos de la empresa: Concello de Manzaneda Correo electr\u00f3nico: info@concellodemanzaneda.es DOMICILIO: Manzaneda 32781 Ourense. TEL\u00c9FONO\/TELEFAX: 988 33 30 43 2.- OBJETO El sitio [&hellip;]\" \/>\n<meta property=\"og:url\" content=\"https:\/\/entroidodemanzaneda.gal\/en\/aviso-legal\/\" \/>\n<meta property=\"og:site_name\" content=\"Entroido de Manzaneda 2025\" \/>\n<meta property=\"article:publisher\" content=\"https:\/\/www.facebook.com\/EntroidodeManzaneda\" \/>\n<meta property=\"article:modified_time\" content=\"2025-02-19T14:46:15+00:00\" \/>\n<meta property=\"og:image\" content=\"https:\/\/entroidodemanzaneda.gal\/wp-content\/uploads\/2024\/04\/Entroido-Manzaneda.jpg\" \/>\n\t<meta property=\"og:image:width\" content=\"1200\" \/>\n\t<meta property=\"og:image:height\" content=\"628\" \/>\n\t<meta property=\"og:image:type\" content=\"image\/jpeg\" \/>\n<meta name=\"twitter:card\" content=\"summary_large_image\" \/>\n<meta name=\"twitter:site\" content=\"@entroidomanzane\" \/>\n<meta name=\"twitter:label1\" content=\"Estimated reading time\" \/>\n\t<meta name=\"twitter:data1\" content=\"4 minutes\" \/>\n<script type=\"application\/ld+json\" class=\"yoast-schema-graph\">{\"@context\":\"https:\/\/schema.org\",\"@graph\":[{\"@type\":\"WebPage\",\"@id\":\"https:\/\/entroidodemanzaneda.gal\/aviso-legal\/\",\"url\":\"https:\/\/entroidodemanzaneda.gal\/aviso-legal\/\",\"name\":\"Aviso legal - Entroido de Manzaneda 2025\",\"isPartOf\":{\"@id\":\"https:\/\/entroidodemanzaneda.gal\/#website\"},\"datePublished\":\"2025-02-19T14:42:10+00:00\",\"dateModified\":\"2025-02-19T14:46:15+00:00\",\"breadcrumb\":{\"@id\":\"https:\/\/entroidodemanzaneda.gal\/aviso-legal\/#breadcrumb\"},\"inLanguage\":\"en-GB\",\"potentialAction\":[{\"@type\":\"ReadAction\",\"target\":[\"https:\/\/entroidodemanzaneda.gal\/aviso-legal\/\"]}]},{\"@type\":\"BreadcrumbList\",\"@id\":\"https:\/\/entroidodemanzaneda.gal\/aviso-legal\/#breadcrumb\",\"itemListElement\":[{\"@type\":\"ListItem\",\"position\":1,\"name\":\"Portada\",\"item\":\"https:\/\/entroidodemanzaneda.gal\/\"},{\"@type\":\"ListItem\",\"position\":2,\"name\":\"Aviso legal\"}]},{\"@type\":\"WebSite\",\"@id\":\"https:\/\/entroidodemanzaneda.gal\/#website\",\"url\":\"https:\/\/entroidodemanzaneda.gal\/\",\"name\":\"Entroido de Manzaneda 2025\",\"description\":\"\",\"publisher\":{\"@id\":\"https:\/\/entroidodemanzaneda.gal\/#organization\"},\"potentialAction\":[{\"@type\":\"SearchAction\",\"target\":{\"@type\":\"EntryPoint\",\"urlTemplate\":\"https:\/\/entroidodemanzaneda.gal\/?s={search_term_string}\"},\"query-input\":{\"@type\":\"PropertyValueSpecification\",\"valueRequired\":true,\"valueName\":\"search_term_string\"}}],\"inLanguage\":\"en-GB\"},{\"@type\":\"Organization\",\"@id\":\"https:\/\/entroidodemanzaneda.gal\/#organization\",\"name\":\"Entroido de Manzaneda 2025\",\"url\":\"https:\/\/entroidodemanzaneda.gal\/\",\"logo\":{\"@type\":\"ImageObject\",\"inLanguage\":\"en-GB\",\"@id\":\"https:\/\/entroidodemanzaneda.gal\/#\/schema\/logo\/image\/\",\"url\":\"https:\/\/entroidodemanzaneda.gal\/wp-content\/uploads\/2024\/04\/Entroido-Manzaneda.jpg\",\"contentUrl\":\"https:\/\/entroidodemanzaneda.gal\/wp-content\/uploads\/2024\/04\/Entroido-Manzaneda.jpg\",\"width\":1200,\"height\":628,\"caption\":\"Entroido de Manzaneda 2025\"},\"image\":{\"@id\":\"https:\/\/entroidodemanzaneda.gal\/#\/schema\/logo\/image\/\"},\"sameAs\":[\"https:\/\/www.facebook.com\/EntroidodeManzaneda\",\"https:\/\/x.com\/entroidomanzane\",\"https:\/\/www.instagram.com\/entroidomanzaneda\/\"]}]}<\/script>\n<!-- \/ Yoast SEO plugin. -->","yoast_head_json":{"title":"Aviso legal - Entroido de Manzaneda 2025","robots":{"index":"noindex","follow":"nofollow"},"og_locale":"en_GB","og_type":"article","og_title":"Aviso legal - Entroido de Manzaneda 2025","og_description":"1.- AVISO E INFORMACI\u00d3N LEGAL En cumplimiento de la Ley 34\/2002, de 11 de julio, de servicios de la sociedad de la informaci\u00f3n y comercio electr\u00f3nico, a continuaci\u00f3n, se exponen los datos identificativos de la empresa: Concello de Manzaneda Correo electr\u00f3nico: info@concellodemanzaneda.es DOMICILIO: Manzaneda 32781 Ourense. TEL\u00c9FONO\/TELEFAX: 988 33 30 43 2.- OBJETO El sitio [&hellip;]","og_url":"https:\/\/entroidodemanzaneda.gal\/en\/aviso-legal\/","og_site_name":"Entroido de Manzaneda 2025","article_publisher":"https:\/\/www.facebook.com\/EntroidodeManzaneda","article_modified_time":"2025-02-19T14:46:15+00:00","og_image":[{"width":1200,"height":628,"url":"https:\/\/entroidodemanzaneda.gal\/wp-content\/uploads\/2024\/04\/Entroido-Manzaneda.jpg","type":"image\/jpeg"}],"twitter_card":"summary_large_image","twitter_site":"@entroidomanzane","twitter_misc":{"Estimated reading time":"4 minutes"},"schema":{"@context":"https:\/\/schema.org","@graph":[{"@type":"WebPage","@id":"https:\/\/entroidodemanzaneda.gal\/aviso-legal\/","url":"https:\/\/entroidodemanzaneda.gal\/aviso-legal\/","name":"Aviso legal - Entroido de Manzaneda 2025","isPartOf":{"@id":"https:\/\/entroidodemanzaneda.gal\/#website"},"datePublished":"2025-02-19T14:42:10+00:00","dateModified":"2025-02-19T14:46:15+00:00","breadcrumb":{"@id":"https:\/\/entroidodemanzaneda.gal\/aviso-legal\/#breadcrumb"},"inLanguage":"en-GB","potentialAction":[{"@type":"ReadAction","target":["https:\/\/entroidodemanzaneda.gal\/aviso-legal\/"]}]},{"@type":"BreadcrumbList","@id":"https:\/\/entroidodemanzaneda.gal\/aviso-legal\/#breadcrumb","itemListElement":[{"@type":"ListItem","position":1,"name":"Portada","item":"https:\/\/entroidodemanzaneda.gal\/"},{"@type":"ListItem","position":2,"name":"Aviso legal"}]},{"@type":"WebSite","@id":"https:\/\/entroidodemanzaneda.gal\/#website","url":"https:\/\/entroidodemanzaneda.gal\/","name":"Entroido de Manzaneda 2025","description":"","publisher":{"@id":"https:\/\/entroidodemanzaneda.gal\/#organization"},"potentialAction":[{"@type":"SearchAction","target":{"@type":"EntryPoint","urlTemplate":"https:\/\/entroidodemanzaneda.gal\/?s={search_term_string}"},"query-input":{"@type":"PropertyValueSpecification","valueRequired":true,"valueName":"search_term_string"}}],"inLanguage":"en-GB"},{"@type":"Organization","@id":"https:\/\/entroidodemanzaneda.gal\/#organization","name":"Entroido de Manzaneda 2025","url":"https:\/\/entroidodemanzaneda.gal\/","logo":{"@type":"ImageObject","inLanguage":"en-GB","@id":"https:\/\/entroidodemanzaneda.gal\/#\/schema\/logo\/image\/","url":"https:\/\/entroidodemanzaneda.gal\/wp-content\/uploads\/2024\/04\/Entroido-Manzaneda.jpg","contentUrl":"https:\/\/entroidodemanzaneda.gal\/wp-content\/uploads\/2024\/04\/Entroido-Manzaneda.jpg","width":1200,"height":628,"caption":"Entroido de Manzaneda 2025"},"image":{"@id":"https:\/\/entroidodemanzaneda.gal\/#\/schema\/logo\/image\/"},"sameAs":["https:\/\/www.facebook.com\/EntroidodeManzaneda","https:\/\/x.com\/entroidomanzane","https:\/\/www.instagram.com\/entroidomanzaneda\/"]}]}},"_links":{"self":[{"href":"https:\/\/entroidodemanzaneda.gal\/en\/wp-json\/wp\/v2\/pages\/14021","targetHints":{"allow":["GET"]}}],"collection":[{"href":"https:\/\/entroidodemanzaneda.gal\/en\/wp-json\/wp\/v2\/pages"}],"about":[{"href":"https:\/\/entroidodemanzaneda.gal\/en\/wp-json\/wp\/v2\/types\/page"}],"author":[{"embeddable":true,"href":"https:\/\/entroidodemanzaneda.gal\/en\/wp-json\/wp\/v2\/users\/1"}],"replies":[{"embeddable":true,"href":"https:\/\/entroidodemanzaneda.gal\/en\/wp-json\/wp\/v2\/comments?post=14021"}],"version-history":[{"count":3,"href":"https:\/\/entroidodemanzaneda.gal\/en\/wp-json\/wp\/v2\/pages\/14021\/revisions"}],"predecessor-version":[{"id":14026,"href":"https:\/\/entroidodemanzaneda.gal\/en\/wp-json\/wp\/v2\/pages\/14021\/revisions\/14026"}],"wp:attachment":[{"href":"https:\/\/entroidodemanzaneda.gal\/en\/wp-json\/wp\/v2\/media?parent=14021"}],"curies":[{"name":"wp","href":"https:\/\/api.w.org\/{rel}","templated":true}]}}